{"id":971,"date":"2022-08-15T15:50:27","date_gmt":"2022-08-15T14:50:27","guid":{"rendered":"https:\/\/bbqboat77.com\/?page_id=971"},"modified":"2024-06-16T14:24:54","modified_gmt":"2024-06-16T13:24:54","slug":"medias","status":"publish","type":"page","link":"https:\/\/bbqboat77.com\/fr_fr\/medias\/","title":{"rendered":"M\u00e9dias"},"content":{"rendered":"\t\t<div data-elementor-type=\"wp-page\" data-elementor-id=\"971\" class=\"elementor elementor-971\">\n\t\t\t\t\t\t<section class=\"elementor-section elementor-top-section elementor-element elementor-element-fbd47a5 elementor-section-boxed elementor-section-height-default elementor-section-height-default\" data-id=\"fbd47a5\" data-element_type=\"section\" data-e-type=\"section\">\n\t\t\t\t\t\t<div class=\"elementor-container elementor-column-gap-default\">\n\t\t\t\t\t<div class=\"elementor-column elementor-col-100 elementor-top-column elementor-element elementor-element-3243c40\" data-id=\"3243c40\" data-element_type=\"column\" data-e-type=\"column\">\n\t\t\t<div class=\"elementor-widget-wrap elementor-element-populated\">\n\t\t\t\t\t\t<div class=\"elementor-element elementor-element-de2ce93 elementor-widget elementor-widget-heading\" data-id=\"de2ce93\" data-element_type=\"widget\" data-e-type=\"widget\" data-widget_type=\"heading.default\">\n\t\t\t\t<div class=\"elementor-widget-container\">\n\t\t\t\t\t<h1 class=\"elementor-heading-title elementor-size-default\">Point presse et actualit\u00e9s<\/h1>\t\t\t\t<\/div>\n\t\t\t\t<\/div>\n\t\t\t\t\t<\/div>\n\t\t<\/div>\n\t\t\t\t\t<\/div>\n\t\t<\/section>\n\t\t\t\t<section class=\"elementor-section elementor-top-section elementor-element elementor-element-0d6dd1c elementor-section-boxed elementor-section-height-default elementor-section-height-default\" data-id=\"0d6dd1c\" data-element_type=\"section\" data-e-type=\"section\">\n\t\t\t\t\t\t<div class=\"elementor-container elementor-column-gap-default\">\n\t\t\t\t\t<div class=\"elementor-column elementor-col-100 elementor-top-column elementor-element elementor-element-1817627\" data-id=\"1817627\" data-element_type=\"column\" data-e-type=\"column\">\n\t\t\t<div class=\"elementor-widget-wrap elementor-element-populated\">\n\t\t\t\t\t\t<div class=\"elementor-element elementor-element-d3f476e elementor-widget elementor-widget-heading\" data-id=\"d3f476e\" data-element_type=\"widget\" data-e-type=\"widget\" data-widget_type=\"heading.default\">\n\t\t\t\t<div class=\"elementor-widget-container\">\n\t\t\t\t\t<h2 class=\"elementor-heading-title elementor-size-default\">Retrouvez ici toute l'actualit\u00e9 et tous les articles de presse r\u00e9dig\u00e9s par les m\u00e9dias sur BBQBOAT77<\/h2>\t\t\t\t<\/div>\n\t\t\t\t<\/div>\n\t\t\t\t\t<\/div>\n\t\t<\/div>\n\t\t\t\t\t<\/div>\n\t\t<\/section>\n\t\t\t\t<section class=\"elementor-section elementor-top-section elementor-element elementor-element-6b6fa5d elementor-section-boxed elementor-section-height-default elementor-section-height-default\" data-id=\"6b6fa5d\" data-element_type=\"section\" data-e-type=\"section\">\n\t\t\t\t\t\t<div class=\"elementor-container elementor-column-gap-default\">\n\t\t\t\t\t<div class=\"elementor-column elementor-col-50 elementor-top-column elementor-element elementor-element-6ee5372\" data-id=\"6ee5372\" data-element_type=\"column\" data-e-type=\"column\">\n\t\t\t<div class=\"elementor-widget-wrap elementor-element-populated\">\n\t\t\t\t\t\t<div class=\"elementor-element elementor-element-c6b967a elementor-widget elementor-widget-heading\" data-id=\"c6b967a\" data-element_type=\"widget\" data-e-type=\"widget\" data-widget_type=\"heading.default\">\n\t\t\t\t<div class=\"elementor-widget-container\">\n\t\t\t\t\t<h2 class=\"elementor-heading-title elementor-size-default\">VU A LA TELE !<\/h2>\t\t\t\t<\/div>\n\t\t\t\t<\/div>\n\t\t\t\t<div class=\"elementor-element elementor-element-56eb91b elementor-widget elementor-widget-text-editor\" data-id=\"56eb91b\" data-element_type=\"widget\" data-e-type=\"widget\" data-widget_type=\"text-editor.default\">\n\t\t\t\t<div class=\"elementor-widget-container\">\n\t\t\t\t\t\t\t\t\t<p>La cha\u00eene de t\u00e9l\u00e9vision 20 MINUTES TV a consacr\u00e9 un sympathique reportage \u00e0 BBQBOAT77. <a href=\"https:\/\/www.20minutes.tv\/video\/petit-dejeuner-en-bateau-a-lagny-sur-marne-77\/\" target=\"_blank\" rel=\"noopener\">D\u00e9couvrez-en plus !<\/a><\/p>\t\t\t\t\t\t\t\t<\/div>\n\t\t\t\t<\/div>\n\t\t\t\t\t<\/div>\n\t\t<\/div>\n\t\t\t\t<div class=\"elementor-column elementor-col-50 elementor-top-column elementor-element elementor-element-58993eb\" data-id=\"58993eb\" data-element_type=\"column\" data-e-type=\"column\">\n\t\t\t<div class=\"elementor-widget-wrap elementor-element-populated\">\n\t\t\t\t\t\t<div class=\"elementor-element elementor-element-b4ec9ad elementor-widget elementor-widget-html\" data-id=\"b4ec9ad\" data-element_type=\"widget\" data-e-type=\"widget\" data-widget_type=\"html.default\">\n\t\t\t\t<div class=\"elementor-widget-container\">\n\t\t\t\t\t<iframe src=\"\/\/www.ultimedia.com\/deliver\/generic\/iframe\/mdtk\/01521514\/src\/x5spp3r\/zone\/5\/showtitle\/1\/\" frameborder=\"0\" scrolling=\"no\" marginwidth=\"0\" marginheight=\"0\" hspace=\"0\" vspace=\"0\" webkitallowfullscreen=\"true\" mozallowfullscreen=\"true\" allowfullscreen=\"true\"width=\"1060\" height=\"596\" allow=\"autoplay; fullscreen\"><\/iframe>\t\t\t\t<\/div>\n\t\t\t\t<\/div>\n\t\t\t\t\t<\/div>\n\t\t<\/div>\n\t\t\t\t\t<\/div>\n\t\t<\/section>\n\t\t\t\t<section class=\"elementor-section elementor-top-section elementor-element elementor-element-b8da039 elementor-section-boxed elementor-section-height-default elementor-section-height-default\" data-id=\"b8da039\" data-element_type=\"section\" data-e-type=\"section\">\n\t\t\t\t\t\t<div class=\"elementor-container elementor-column-gap-default\">\n\t\t\t\t\t<div class=\"elementor-column elementor-col-16 elementor-top-column elementor-element elementor-element-1f2c4fb\" data-id=\"1f2c4fb\" data-element_type=\"column\" data-e-type=\"column\">\n\t\t\t<div class=\"elementor-widget-wrap\">\n\t\t\t\t\t\t\t<\/div>\n\t\t<\/div>\n\t\t\t\t<div class=\"elementor-column elementor-col-66 elementor-top-column elementor-element elementor-element-f66f24a\" data-id=\"f66f24a\" data-element_type=\"column\" data-e-type=\"column\">\n\t\t\t<div class=\"elementor-widget-wrap elementor-element-populated\">\n\t\t\t\t\t\t<div class=\"elementor-element elementor-element-6b50dea elementor-widget elementor-widget-text-editor\" data-id=\"6b50dea\" data-element_type=\"widget\" data-e-type=\"widget\" data-widget_type=\"text-editor.default\">\n\t\t\t\t<div class=\"elementor-widget-container\">\n\t\t\t\t\t\t\t\t\t<p><div class=\"vlp-link-container vlp-layout-spotlight\"><a href=\"https:\/\/actu.fr\/ile-de-france\/lagny-sur-marne_77243\/bbq-boat-a-lagny-un-barbecue-dejeuner-ou-apero-sur-un-drole-de-bateau_53128201.html\" class=\"vlp-link\" title=\"BBQ boat \u00e0 Lagny : un barbecue, d\u00e9jeuner ou ap\u00e9ro... sur un dr\u00f4le de bateau\" rel=\"nofollow noopener\" target=\"_blank\"><\/a><div class=\"vlp-layout-zone-side\"><div class=\"vlp-block-4 vlp-link-image\"><img decoding=\"async\" src=\"https:\/\/static.actu.fr\/uploads\/2022\/08\/e31c7754b7f26181c7754b7f25c1c7v.jpg\" style=\"max-width: 1024px; max-height: 1024px\" \/><\/div><\/div><div class=\"vlp-layout-zone-main\"><div class=\"vlp-block-0 vlp-link-title\">BBQ boat \u00e0 Lagny : un barbecue, d\u00e9jeuner ou ap\u00e9ro&#8230; sur un dr\u00f4le de bateau<\/div><div class=\"vlp-block-1 vlp-link-summary\">Une nouvelle activit\u00e9 a ouvert \u00e0 Lagny-sur-Marne fin juillet 2022 : les BBQ Boat. Sur ces bateaux ronds, on peut manger des brochettes, prendre un ap\u00e9ro ou un petit-d\u00e9jeuner.<\/div><div class=\"vlp-block-2 vlp-link-button\">Lien Lire la suite<\/div><div class=\"vlp-block-3 vlp-link-url\">actu.fr<\/div><\/div><\/div><\/p>\t\t\t\t\t\t\t\t<\/div>\n\t\t\t\t<\/div>\n\t\t\t\t<div class=\"elementor-element elementor-element-4a7ca29 elementor-widget elementor-widget-text-editor\" data-id=\"4a7ca29\" data-element_type=\"widget\" data-e-type=\"widget\" data-widget_type=\"text-editor.default\">\n\t\t\t\t<div class=\"elementor-widget-container\">\n\t\t\t\t\t\t\t\t\t<p><div class=\"vlp-link-container vlp-layout-spotlight\"><a href=\"https:\/\/www.marneetgondoire-tourisme.fr\/fr\/decouvrir\/la-marne-ses-berges\/bbq-boat-77\/\" class=\"vlp-link\" title=\"Voguer \u00e9lectrique, sans permis et avec gourmandise! - Marne &amp; Gondoire\" rel=\"nofollow noopener\" target=\"_blank\"><\/a><div class=\"vlp-layout-zone-side\"><div class=\"vlp-block-4 vlp-link-image\"><img decoding=\"async\" src=\"https:\/\/www.marneetgondoire-tourisme.fr\/wp-content\/uploads\/2016\/09\/2022_lagny_BBQ-Boats-77_Virginie-Leonard-et-PO%C2%A9OTMG_CMagui-1-1-e1659262421814.jpg\" style=\"max-width: 1024px; max-height: 1024px\" \/><\/div><\/div><div class=\"vlp-layout-zone-main\"><div class=\"vlp-block-0 vlp-link-title\">Voguer \u00e9lectrique, sans permis et avec gourmandise! &#8211; Marne &amp; Gondoire<\/div><div class=\"vlp-block-1 vlp-link-summary\">Nouveaut\u00e9 2022! Marne &amp; Gondoire Tourisme va plus loin dans les propositions de navigation sur la Marne! Vivez une exp\u00e9rience in\u00e9dite sur notre territoire, avec notre partenaire BBQ Boat 77 ! Durant la saison de navigation sur notre portion de Marne, embarquez en toute autonomie \u2013 ou avec un skipper\u2026<\/div><div class=\"vlp-block-2 vlp-link-button\">Lien Lire la suite<\/div><div class=\"vlp-block-3 vlp-link-url\">www.marneetgondoire-tourisme.fr<\/div><\/div><\/div><\/p>\t\t\t\t\t\t\t\t<\/div>\n\t\t\t\t<\/div>\n\t\t\t\t<div class=\"elementor-element elementor-element-1188f32 elementor-widget elementor-widget-image\" data-id=\"1188f32\" data-element_type=\"widget\" data-e-type=\"widget\" data-widget_type=\"image.default\">\n\t\t\t\t<div class=\"elementor-widget-container\">\n\t\t\t\t\t\t\t\t\t\t\t\t<figure class=\"wp-caption\">\n\t\t\t\t\t\t\t\t\t\t<img fetchpriority=\"high\" decoding=\"async\" width=\"800\" height=\"715\" src=\"https:\/\/bbqboat77.com\/wp-content\/uploads\/2022\/08\/Sans-titre-1024x915.png\" class=\"attachment-large size-large wp-image-994\" alt=\"\" srcset=\"https:\/\/bbqboat77.com\/wp-content\/uploads\/2022\/08\/Sans-titre-1024x915.png 1024w, https:\/\/bbqboat77.com\/wp-content\/uploads\/2022\/08\/Sans-titre-300x268.png 300w, https:\/\/bbqboat77.com\/wp-content\/uploads\/2022\/08\/Sans-titre-768x686.png 768w, https:\/\/bbqboat77.com\/wp-content\/uploads\/2022\/08\/Sans-titre.png 1107w\" sizes=\"(max-width: 800px) 100vw, 800px\" \/>\t\t\t\t\t\t\t\t\t\t\t<figcaption class=\"widget-image-caption wp-caption-text\">Actu.fr\/la-marne, mercredi 17\/08\/2022<\/figcaption>\n\t\t\t\t\t\t\t\t\t\t<\/figure>\n\t\t\t\t\t\t\t\t\t<\/div>\n\t\t\t\t<\/div>\n\t\t\t\t<div class=\"elementor-element elementor-element-2816ccd elementor-widget elementor-widget-text-editor\" data-id=\"2816ccd\" data-element_type=\"widget\" data-e-type=\"widget\" data-widget_type=\"text-editor.default\">\n\t\t\t\t<div class=\"elementor-widget-container\">\n\t\t\t\t\t\t\t\t\t<div class=\"vlp-link-container vlp-layout-spotlight\"><a href=\"https:\/\/www.crazyradio.fr\/2022\/09\/lagny-sur-marne-flanez-sur-la-marne-a-bord-dun-bbq-boat\/\" class=\"vlp-link\" title=\"Lagny-sur-Marne : Fl\u00e2nez sur la Marne \u00e0 bord d\u2019un BBQ Boat ! On a test\u00e9 pour vous !\" rel=\"nofollow noopener\" target=\"_blank\"><\/a><div class=\"vlp-layout-zone-side\"><div class=\"vlp-block-4 vlp-link-image\"><img decoding=\"async\" src=\"https:\/\/i0.wp.com\/www.crazyradio.fr\/wp-content\/uploads\/2022\/09\/305416869_803725190828185_6490010046819698092_n.jpg?fit=1200%2C900&amp;ssl=1\" style=\"max-width: 1024px; max-height: 1024px\" \/><\/div><\/div><div class=\"vlp-layout-zone-main\"><div class=\"vlp-block-0 vlp-link-title\">Lagny-sur-Marne : Fl\u00e2nez sur la Marne \u00e0 bord d\u2019un BBQ Boat ! On a test\u00e9 pour vous !<\/div><div class=\"vlp-block-1 vlp-link-summary\">Envie de profiter d\u2019un barbecue en flottant sur la Marne ? A Lagny-sur-Marne, les premiers curieux sont d\u00e9j\u00e0 mont\u00e9s \u00e0 bord d\u2019un BBQ Boat. En forme de donut, le bateau peut accueillit ju\u2026<\/div><div class=\"vlp-block-2 vlp-link-button\">Lien Lire la suite<\/div><div class=\"vlp-block-3 vlp-link-url\">www.crazyradio.fr<\/div><\/div><\/div>\t\t\t\t\t\t\t\t<\/div>\n\t\t\t\t<\/div>\n\t\t\t\t\t<\/div>\n\t\t<\/div>\n\t\t\t\t<div class=\"elementor-column elementor-col-16 elementor-top-column elementor-element elementor-element-77c9093\" data-id=\"77c9093\" data-element_type=\"column\" data-e-type=\"column\">\n\t\t\t<div class=\"elementor-widget-wrap\">\n\t\t\t\t\t\t\t<\/div>\n\t\t<\/div>\n\t\t\t\t\t<\/div>\n\t\t<\/section>\n\t\t\t\t<\/div>\n\t\t","protected":false},"excerpt":{"rendered":"<p>Point presse et actualit\u00e9s Retrouvez ici toute l&rsquo;actualit\u00e9 et tous les articles de presse r\u00e9dig\u00e9s par les m\u00e9dias sur BBQBOAT77 VU A LA TELE ! La cha\u00eene de t\u00e9l\u00e9vision 20 MINUTES TV a consacr\u00e9 un sympathique reportage \u00e0 BBQBOAT77. D\u00e9couvrez-en plus ! Actu.fr\/la-marne, mercredi 17\/08\/2022<\/p>\n","protected":false},"author":1,"featured_media":0,"parent":0,"menu_order":0,"comment_status":"closed","ping_status":"closed","template":"elementor_header_footer","meta":{"ngg_post_thumbnail":0,"footnotes":""},"class_list":["post-971","page","type-page","status-publish","hentry"],"_links":{"self":[{"href":"https:\/\/bbqboat77.com\/fr_fr\/wp-json\/wp\/v2\/pages\/971","targetHints":{"allow":["GET"]}}],"collection":[{"href":"https:\/\/bbqboat77.com\/fr_fr\/wp-json\/wp\/v2\/pages"}],"about":[{"href":"https:\/\/bbqboat77.com\/fr_fr\/wp-json\/wp\/v2\/types\/page"}],"author":[{"embeddable":true,"href":"https:\/\/bbqboat77.com\/fr_fr\/wp-json\/wp\/v2\/users\/1"}],"replies":[{"embeddable":true,"href":"https:\/\/bbqboat77.com\/fr_fr\/wp-json\/wp\/v2\/comments?post=971"}],"version-history":[{"count":26,"href":"https:\/\/bbqboat77.com\/fr_fr\/wp-json\/wp\/v2\/pages\/971\/revisions"}],"predecessor-version":[{"id":1535,"href":"https:\/\/bbqboat77.com\/fr_fr\/wp-json\/wp\/v2\/pages\/971\/revisions\/1535"}],"wp:attachment":[{"href":"https:\/\/bbqboat77.com\/fr_fr\/wp-json\/wp\/v2\/media?parent=971"}],"curies":[{"name":"wp","href":"https:\/\/api.w.org\/{rel}","templated":true}]}}