{"id":277,"date":"2022-06-04T08:29:58","date_gmt":"2022-06-04T07:29:58","guid":{"rendered":"https:\/\/bbqboat77.com\/?page_id=277"},"modified":"2022-06-26T08:51:54","modified_gmt":"2022-06-26T07:51:54","slug":"mentions-legales","status":"publish","type":"page","link":"https:\/\/bbqboat77.com\/fr_fr\/mentions-legales\/","title":{"rendered":"Mention L\u00e9gale"},"content":{"rendered":"\t\t<div data-elementor-type=\"wp-page\" data-elementor-id=\"277\" class=\"elementor elementor-277\">\n\t\t\t\t\t\t<section class=\"elementor-section elementor-top-section elementor-element elementor-element-f9922a7 elementor-section-boxed elementor-section-height-default elementor-section-height-default\" data-id=\"f9922a7\" data-element_type=\"section\" data-e-type=\"section\">\n\t\t\t\t\t\t<div class=\"elementor-container elementor-column-gap-default\">\n\t\t\t\t\t<div class=\"elementor-column elementor-col-100 elementor-top-column elementor-element elementor-element-b7b45d2\" data-id=\"b7b45d2\" data-element_type=\"column\" data-e-type=\"column\">\n\t\t\t<div class=\"elementor-widget-wrap elementor-element-populated\">\n\t\t\t\t\t\t<div class=\"elementor-element elementor-element-55bf7ba elementor-widget elementor-widget-heading\" data-id=\"55bf7ba\" data-element_type=\"widget\" data-e-type=\"widget\" data-widget_type=\"heading.default\">\n\t\t\t\t<div class=\"elementor-widget-container\">\n\t\t\t\t\t<h2 class=\"elementor-heading-title elementor-size-default\">Mentions l\u00e9gales<\/h2>\t\t\t\t<\/div>\n\t\t\t\t<\/div>\n\t\t\t\t\t<\/div>\n\t\t<\/div>\n\t\t\t\t\t<\/div>\n\t\t<\/section>\n\t\t\t\t<section class=\"elementor-section elementor-top-section elementor-element elementor-element-fc534ef elementor-section-boxed elementor-section-height-default elementor-section-height-default\" data-id=\"fc534ef\" data-element_type=\"section\" data-e-type=\"section\">\n\t\t\t\t\t\t<div class=\"elementor-container elementor-column-gap-default\">\n\t\t\t\t\t<div class=\"elementor-column elementor-col-25 elementor-top-column elementor-element elementor-element-a1d763a\" data-id=\"a1d763a\" data-element_type=\"column\" data-e-type=\"column\">\n\t\t\t<div class=\"elementor-widget-wrap\">\n\t\t\t\t\t\t\t<\/div>\n\t\t<\/div>\n\t\t\t\t<div class=\"elementor-column elementor-col-50 elementor-top-column elementor-element elementor-element-70a75a5\" data-id=\"70a75a5\" data-element_type=\"column\" data-e-type=\"column\">\n\t\t\t<div class=\"elementor-widget-wrap elementor-element-populated\">\n\t\t\t\t\t\t<div class=\"elementor-element elementor-element-b355e2a elementor-widget elementor-widget-text-editor\" data-id=\"b355e2a\" data-element_type=\"widget\" data-e-type=\"widget\" data-widget_type=\"text-editor.default\">\n\t\t\t\t<div class=\"elementor-widget-container\">\n\t\t\t\t\t\t\t\t\t<p><strong>Cr\u00e9ation du site Internet :<\/strong><br \/>Agence TUDSA \u2013Cit\u00e9 600 logements bat F N227\u2013 15000 TIZI-OUZOU<\/p><p>T\u00e9l. : +213 5 54 37 08 87<\/p><p><a href=\"https:\/\/tudsa.net\" target=\"_blank\" rel=\"noopener\">https:\/\/tudsa.net<\/a><\/p><p><strong>D\u00e9veloppement et maintenance du portail de r\u00e9servation :<\/strong><br \/>Agence TUDSA \u2013Cit\u00e9 600 logements bat F N227\u2013 15000 TIZI-OUZOU<\/p><p>T\u00e9l. : +213 5 54 37 08 87<\/p><p><a href=\"https:\/\/tudsa.net\" target=\"_blank\" rel=\"noopener\">https:\/\/tudsa.net<\/a><\/p><p><strong>H\u00e9bergement :<\/strong> LWS<\/p><p><strong>BBQ BOAT 77<\/strong><\/p><p><strong>Si\u00e8ge social : <\/strong>53 RUE JEAN JAURES 91700 SAINTE-GENEVIEVE-DES-BOIS<\/p><p><strong>N\u00b0 RCS: <\/strong>913227245 <br \/><strong>Repr\u00e9sentant l\u00e9gal : <\/strong>Steve RENARD\u00a0<\/p><p><strong>Responsable de la publication :<\/strong> Steve RENARD\u00a0<\/p><p><strong>N\u00b0 t\u00e9l :\u00a0<\/strong><span style=\"font-size: 1rem;\">0756962580<\/span><\/p><p>Droits d\u2019auteurs<\/p><p>En application du code fran\u00e7ais de la propri\u00e9t\u00e9 intellectuelle et plus g\u00e9n\u00e9ralement des trait\u00e9s et accords internationaux comportant des dispositions relatives \u00e0 la protection des droits d\u2019auteur, l\u2019utilisateur s\u2019interdit de reproduire pour un usage autre que priv\u00e9 mais aussi de vendre, distribuer, \u00e9mettre, diffuser, adapter, modifier, publier, communiquer int\u00e9gralement ou partiellement sous quelque forme que ce soit, les donn\u00e9es, la pr\u00e9sentation ou l\u2019organisation du site sans l\u2019autorisation pr\u00e9alable \u00e9crite de BBQ BOAT 77.<\/p><p>Tout manquement \u00e0 ce qui pr\u00e9c\u00e8de constituerait une contrefa\u00e7on (article L335-2 et suivant du code de la propri\u00e9t\u00e9 intellectuelle) ; la reproduction du logo BBQ BOAT 77 est \u00e9galement interdite (article L.719-2 dudit code). Les marques suivantes sont propri\u00e9t\u00e9 exclusive de BBQ BOAT 77<\/p><p>Responsabilit\u00e9s<\/p><p>L\u2019ensemble des informations accessibles via ce site sont fournies en l\u2019\u00e9tat.<\/p><p>BBQ BOAT 77 ne donne aucune garantie, explicite ou implicite, et n\u2019assume aucune responsabilit\u00e9 relative \u00e0 l\u2019utilisation de ces informations ; BBQ BOAT 77 se r\u00e9serve le droit de modifier \u00e0 tout moment ces informations notamment en actualisant le site. L\u2019utilisateur s\u2019engage \u00e0 ne transmettre sur ce site aucune information pouvant entra\u00eener une responsabilit\u00e9 civile ou p\u00e9nale et s\u2019engage \u00e0 ce titre \u00e0 ne pas divulguer via ce site des informations ill\u00e9gales, contraires \u00e0 l\u2019ordre public ou diffamatoires.<\/p><p>BBQ BOAT 77 d\u00e9cline toute responsabilit\u00e9 quant \u00e0 l\u2019utilisation et au contenu des sites ext\u00e9rieurs ayant un lien hypertexte avec le pr\u00e9sent site.<\/p><p>Informatique et libert\u00e9<\/p><p>Conform\u00e9ment \u00e0 la loi n\u00b078-17 du 6 janvier 1978 dite \u00ab Informatique et Libert\u00e9s \u00bb, ce site a fait l\u2019objet d\u2019une d\u00e9claration \u00e0 la CNIL. Le locataire est inform\u00e9 que dans le cadre de la souscription au contrat de location ou de demande d\u2019informations, certaines informations personnelles et bancaires seront demand\u00e9es \u00e0 l\u2019utilisateur.<\/p><p>L\u2019utilisateur est inform\u00e9 que la soci\u00e9t\u00e9 BBQ BOAT 77 conf\u00e8re un caract\u00e8re strictement confidentiel \u00e0 l\u2019enregistrement et au stockage des donn\u00e9es. Ainsi, l\u2019acc\u00e8s \u00e0 tous les documents papiers et \u00e9lectroniques contenant des informations communiqu\u00e9es par le Locataire sur les formulaires et contrats de location sont exclusivement destin\u00e9es \u00e0 la souscription du pr\u00e9sent contrat avec la soci\u00e9t\u00e9 BBQ BOAT 77. Lors de la r\u00e9servation, vous acceptez que ces informations soient mises \u00e0 la disposition de nos services et des personnes concern\u00e9es pour leur traitement.<\/p><p>Dans le cas o\u00f9 vous l\u2019auriez accept\u00e9 (<strong>opt-in<\/strong>), nous pourrons \u00e9galement utiliser votre adresse, num\u00e9ro de t\u00e9l\u00e9phone, num\u00e9ro de portable et adresse \u00e9mail \u00e0 des fins commerciales et informatives.<br \/>Conform\u00e9ment \u00e0 la loi \u00ab\u00a0informatique et libert\u00e9\u00a0\u00bb N\u00b0\u00a078\u00b717 du 16 janvier 1978, ainsi qu\u2019au r\u00e8glement Europ\u00e9en sur la Protection des Donn\u00e9es \u00e0 caract\u00e8re personnel (RGPD) 2016\/679 du 26 Avril 2016, vous disposez d\u2019un droit d\u2019acc\u00e8s, de rectification, de limitation et de suppression de vos donn\u00e9es personnelles. Vous avez en outre la possibilit\u00e9 \u00e0 tout moment de retirer votre consentement \u00e0 la conservation de vos donn\u00e9es personnelles.\u00a0Pour les donn\u00e9es g\u00e9r\u00e9es par BBQ BOAT 77, vous pouvez faire valoir vos droits en \u00e9crivant \u00e0 l\u2019adresse email suivante \u00ab\u00a0contact@bbqboat77.com \u00ab Nous r\u00e9pondrons \u00e0 votre demande dans le d\u00e9lai fix\u00e9 par le r\u00e8glement g\u00e9n\u00e9ral sur la protection des donn\u00e9es (RGPD).<\/p>\t\t\t\t\t\t\t\t<\/div>\n\t\t\t\t<\/div>\n\t\t\t\t\t<\/div>\n\t\t<\/div>\n\t\t\t\t<div class=\"elementor-column elementor-col-25 elementor-top-column elementor-element elementor-element-3be2c9d\" data-id=\"3be2c9d\" data-element_type=\"column\" data-e-type=\"column\">\n\t\t\t<div class=\"elementor-widget-wrap\">\n\t\t\t\t\t\t\t<\/div>\n\t\t<\/div>\n\t\t\t\t\t<\/div>\n\t\t<\/section>\n\t\t\t\t<\/div>\n\t\t","protected":false},"excerpt":{"rendered":"<p>Mentions l\u00e9gales Cr\u00e9ation du site Internet :Agence TUDSA \u2013Cit\u00e9 600 logements bat F N227\u2013 15000 TIZI-OUZOU T\u00e9l. : +213 5 54 37 08 87 https:\/\/tudsa.net D\u00e9veloppement et maintenance du portail de r\u00e9servation :Agence TUDSA \u2013Cit\u00e9 600 logements bat F N227\u2013 15000 TIZI-OUZOU T\u00e9l. : +213 5 54 37 08 87 https:\/\/tudsa.net H\u00e9bergement : LWS BBQ [&hellip;]<\/p>\n","protected":false},"author":1,"featured_media":0,"parent":0,"menu_order":0,"comment_status":"closed","ping_status":"closed","template":"elementor_header_footer","meta":{"ngg_post_thumbnail":0,"footnotes":""},"class_list":["post-277","page","type-page","status-publish","hentry"],"_links":{"self":[{"href":"https:\/\/bbqboat77.com\/fr_fr\/wp-json\/wp\/v2\/pages\/277","targetHints":{"allow":["GET"]}}],"collection":[{"href":"https:\/\/bbqboat77.com\/fr_fr\/wp-json\/wp\/v2\/pages"}],"about":[{"href":"https:\/\/bbqboat77.com\/fr_fr\/wp-json\/wp\/v2\/types\/page"}],"author":[{"embeddable":true,"href":"https:\/\/bbqboat77.com\/fr_fr\/wp-json\/wp\/v2\/users\/1"}],"replies":[{"embeddable":true,"href":"https:\/\/bbqboat77.com\/fr_fr\/wp-json\/wp\/v2\/comments?post=277"}],"version-history":[{"count":20,"href":"https:\/\/bbqboat77.com\/fr_fr\/wp-json\/wp\/v2\/pages\/277\/revisions"}],"predecessor-version":[{"id":736,"href":"https:\/\/bbqboat77.com\/fr_fr\/wp-json\/wp\/v2\/pages\/277\/revisions\/736"}],"wp:attachment":[{"href":"https:\/\/bbqboat77.com\/fr_fr\/wp-json\/wp\/v2\/media?parent=277"}],"curies":[{"name":"wp","href":"https:\/\/api.w.org\/{rel}","templated":true}]}}