{"id":1186,"date":"2023-12-03T15:06:31","date_gmt":"2023-12-03T14:06:31","guid":{"rendered":"https:\/\/bbqboat77.com\/?page_id=1186"},"modified":"2025-11-24T20:34:21","modified_gmt":"2025-11-24T19:34:21","slug":"cadeaux","status":"publish","type":"page","link":"https:\/\/bbqboat77.com\/fr_fr\/cadeaux\/","title":{"rendered":"cadeaux"},"content":{"rendered":"\t\t<div data-elementor-type=\"wp-page\" data-elementor-id=\"1186\" class=\"elementor elementor-1186\">\n\t\t\t\t\t\t<section class=\"elementor-section elementor-top-section elementor-element elementor-element-2f13a1a4 elementor-section-boxed elementor-section-height-default elementor-section-height-default\" data-id=\"2f13a1a4\" data-element_type=\"section\" data-e-type=\"section\" data-settings=\"{&quot;background_background&quot;:&quot;classic&quot;}\">\n\t\t\t\t\t\t\t<div class=\"elementor-background-overlay\"><\/div>\n\t\t\t\t\t\t\t<div class=\"elementor-container elementor-column-gap-no\">\n\t\t\t\t\t<div class=\"elementor-column elementor-col-100 elementor-top-column elementor-element elementor-element-1a323628\" data-id=\"1a323628\" data-element_type=\"column\" data-e-type=\"column\">\n\t\t\t<div class=\"elementor-widget-wrap elementor-element-populated\">\n\t\t\t\t\t\t<section class=\"elementor-section elementor-inner-section elementor-element elementor-element-3570749e elementor-section-boxed elementor-section-height-default elementor-section-height-default\" data-id=\"3570749e\" data-element_type=\"section\" data-e-type=\"section\">\n\t\t\t\t\t\t<div class=\"elementor-container elementor-column-gap-wider\">\n\t\t\t\t\t<div class=\"elementor-column elementor-col-50 elementor-inner-column elementor-element elementor-element-7a56ce6c\" data-id=\"7a56ce6c\" data-element_type=\"column\" data-e-type=\"column\">\n\t\t\t<div class=\"elementor-widget-wrap elementor-element-populated\">\n\t\t\t\t\t\t<div class=\"elementor-element elementor-element-4fd5b26b elementor-widget__width-auto elementor-invisible elementor-widget elementor-widget-heading\" data-id=\"4fd5b26b\" data-element_type=\"widget\" data-e-type=\"widget\" data-settings=\"{&quot;_animation_delay&quot;:200,&quot;_animation&quot;:&quot;fadeIn&quot;}\" data-widget_type=\"heading.default\">\n\t\t\t\t<div class=\"elementor-widget-container\">\n\t\t\t\t\t<h2 class=\"elementor-heading-title elementor-size-default\">Cadeaux<\/h2>\t\t\t\t<\/div>\n\t\t\t\t<\/div>\n\t\t\t\t\t<\/div>\n\t\t<\/div>\n\t\t\t\t<div class=\"elementor-column elementor-col-50 elementor-inner-column elementor-element elementor-element-3107cc42\" data-id=\"3107cc42\" data-element_type=\"column\" data-e-type=\"column\">\n\t\t\t<div class=\"elementor-widget-wrap\">\n\t\t\t\t\t\t\t<\/div>\n\t\t<\/div>\n\t\t\t\t\t<\/div>\n\t\t<\/section>\n\t\t\t\t\t<\/div>\n\t\t<\/div>\n\t\t\t\t\t<\/div>\n\t\t<\/section>\n\t\t\t\t<section class=\"elementor-section elementor-top-section elementor-element elementor-element-bdf906c elementor-hidden-desktop elementor-hidden-tablet elementor-hidden-mobile elementor-section-boxed elementor-section-height-default elementor-section-height-default\" data-id=\"bdf906c\" data-element_type=\"section\" data-e-type=\"section\">\n\t\t\t\t\t\t<div class=\"elementor-container elementor-column-gap-default\">\n\t\t\t\t\t<div class=\"elementor-column elementor-col-25 elementor-top-column elementor-element elementor-element-c475c7b\" data-id=\"c475c7b\" data-element_type=\"column\" data-e-type=\"column\">\n\t\t\t<div class=\"elementor-widget-wrap\">\n\t\t\t\t\t\t\t<\/div>\n\t\t<\/div>\n\t\t\t\t<div class=\"elementor-column elementor-col-50 elementor-top-column elementor-element elementor-element-d517e75\" data-id=\"d517e75\" data-element_type=\"column\" data-e-type=\"column\">\n\t\t\t<div class=\"elementor-widget-wrap elementor-element-populated\">\n\t\t\t\t\t\t<div class=\"elementor-element elementor-element-75e14f3 elementor-widget elementor-widget-heading\" data-id=\"75e14f3\" data-element_type=\"widget\" data-e-type=\"widget\" data-widget_type=\"heading.default\">\n\t\t\t\t<div class=\"elementor-widget-container\">\n\t\t\t\t\t<h2 class=\"elementor-heading-title elementor-size-default\">\ud83c\udf81 OFFRE SP\u00c9CIALE NO\u00cbL \ud83c\udf81<\/h2>\t\t\t\t<\/div>\n\t\t\t\t<\/div>\n\t\t\t\t<div class=\"elementor-element elementor-element-abc7417 elementor-widget elementor-widget-text-editor\" data-id=\"abc7417\" data-element_type=\"widget\" data-e-type=\"widget\" data-widget_type=\"text-editor.default\">\n\t\t\t\t<div class=\"elementor-widget-container\">\n\t\t\t\t\t\t\t\t\t<p><span style=\"color: rgb(55, 65, 81); font-family: S\u00f6hne, ui-sans-serif, system-ui, -apple-system, &quot;Segoe UI&quot;, Roboto, Ubuntu, Cantarell, &quot;Noto Sans&quot;, sans-serif, &quot;Helvetica Neue&quot;, Arial, &quot;Apple Color Emoji&quot;, &quot;Segoe UI Emoji&quot;, &quot;Segoe UI Symbol&quot;, &quot;Noto Color Emoji&quot;; white-space-collapse: preserve;\">Profitez de -20% avec le code promo NOEL20 sur toutes les r\u00e9servations jusqu&rsquo;au 31 d\u00e9cembre et sur l&rsquo;achat de cartes cadeaux. C\u00e9l\u00e9brez les f\u00eates avec nous<\/span><br><\/p>\t\t\t\t\t\t\t\t<\/div>\n\t\t\t\t<\/div>\n\t\t\t\t\t<\/div>\n\t\t<\/div>\n\t\t\t\t<div class=\"elementor-column elementor-col-25 elementor-top-column elementor-element elementor-element-2902767\" data-id=\"2902767\" data-element_type=\"column\" data-e-type=\"column\">\n\t\t\t<div class=\"elementor-widget-wrap\">\n\t\t\t\t\t\t\t<\/div>\n\t\t<\/div>\n\t\t\t\t\t<\/div>\n\t\t<\/section>\n\t\t\t\t<section class=\"elementor-section elementor-top-section elementor-element elementor-element-e678879 elementor-section-boxed elementor-section-height-default elementor-section-height-default\" data-id=\"e678879\" data-element_type=\"section\" data-e-type=\"section\">\n\t\t\t\t\t\t<div class=\"elementor-container elementor-column-gap-default\">\n\t\t\t\t\t<div class=\"elementor-column elementor-col-50 elementor-top-column elementor-element elementor-element-2bbede2\" data-id=\"2bbede2\" data-element_type=\"column\" data-e-type=\"column\">\n\t\t\t<div class=\"elementor-widget-wrap elementor-element-populated\">\n\t\t\t\t\t\t<div class=\"elementor-element elementor-element-86ff4f5 elementor-position-top elementor-widget elementor-widget-image-box\" data-id=\"86ff4f5\" data-element_type=\"widget\" data-e-type=\"widget\" data-widget_type=\"image-box.default\">\n\t\t\t\t<div class=\"elementor-widget-container\">\n\t\t\t\t\t<div class=\"elementor-image-box-wrapper\"><figure class=\"elementor-image-box-img\"><img fetchpriority=\"high\" decoding=\"async\" width=\"300\" height=\"285\" src=\"https:\/\/bbqboat77.com\/wp-content\/uploads\/2023\/12\/gift-575400_1280-300x285.png\" class=\"attachment-medium size-medium wp-image-1189\" alt=\"Offrez BBQBOAT77 a vos amis\" srcset=\"https:\/\/bbqboat77.com\/wp-content\/uploads\/2023\/12\/gift-575400_1280-300x285.png 300w, https:\/\/bbqboat77.com\/wp-content\/uploads\/2023\/12\/gift-575400_1280-1024x974.png 1024w, https:\/\/bbqboat77.com\/wp-content\/uploads\/2023\/12\/gift-575400_1280-768x730.png 768w, https:\/\/bbqboat77.com\/wp-content\/uploads\/2023\/12\/gift-575400_1280-13x12.png 13w, https:\/\/bbqboat77.com\/wp-content\/uploads\/2023\/12\/gift-575400_1280.png 1280w\" sizes=\"(max-width: 300px) 100vw, 300px\" \/><\/figure><div class=\"elementor-image-box-content\"><h3 class=\"elementor-image-box-title\">BUBBLE BOAT 6 PLACES \/ BREAKFAST<\/h3><p class=\"elementor-image-box-description\">Breakfast boat pour 6 personnes\nCette nouvelle mani\u00e8re de passer une matin\u00e9e ensemble plaira \u00e0 tous.\nVous avez envie de d\u00e9couvrir le grand la lac de L\u2019\u00eele de loisirs de JABLINES tout en prenant votre petit-d\u00e9jeuner ?\n<\/p><\/div><\/div>\t\t\t\t<\/div>\n\t\t\t\t<\/div>\n\t\t\t\t<div class=\"elementor-element elementor-element-a7ef866 elementor-align-center elementor-widget elementor-widget-button\" data-id=\"a7ef866\" data-element_type=\"widget\" data-e-type=\"widget\" data-widget_type=\"button.default\">\n\t\t\t\t<div class=\"elementor-widget-container\">\n\t\t\t\t\t\t\t\t\t<div class=\"elementor-button-wrapper\">\n\t\t\t\t\t<a class=\"elementor-button elementor-button-link elementor-size-sm\" href=\"https:\/\/booking.myrezapp.com\/fr\/online\/order\/step1\/13422\/7160\" target=\"_blank\" rel=\"noopener\">\n\t\t\t\t\t\t<span class=\"elementor-button-content-wrapper\">\n\t\t\t\t\t\t<span class=\"elementor-button-icon\">\n\t\t\t\t<i aria-hidden=\"true\" class=\"icon icon-gift1\"><\/i>\t\t\t<\/span>\n\t\t\t\t\t\t\t\t\t<span class=\"elementor-button-text\">Acheter<\/span>\n\t\t\t\t\t<\/span>\n\t\t\t\t\t<\/a>\n\t\t\t\t<\/div>\n\t\t\t\t\t\t\t\t<\/div>\n\t\t\t\t<\/div>\n\t\t\t\t\t<\/div>\n\t\t<\/div>\n\t\t\t\t<div class=\"elementor-column elementor-col-50 elementor-top-column elementor-element elementor-element-33b4f1f\" data-id=\"33b4f1f\" data-element_type=\"column\" data-e-type=\"column\">\n\t\t\t<div class=\"elementor-widget-wrap elementor-element-populated\">\n\t\t\t\t\t\t<div class=\"elementor-element elementor-element-3213c2d elementor-position-top elementor-widget elementor-widget-image-box\" data-id=\"3213c2d\" data-element_type=\"widget\" data-e-type=\"widget\" data-widget_type=\"image-box.default\">\n\t\t\t\t<div class=\"elementor-widget-container\">\n\t\t\t\t\t<div class=\"elementor-image-box-wrapper\"><figure class=\"elementor-image-box-img\"><img fetchpriority=\"high\" decoding=\"async\" width=\"300\" height=\"285\" src=\"https:\/\/bbqboat77.com\/wp-content\/uploads\/2023\/12\/gift-575400_1280-300x285.png\" class=\"attachment-medium size-medium wp-image-1189\" alt=\"Offrez BBQBOAT77 a vos amis\" srcset=\"https:\/\/bbqboat77.com\/wp-content\/uploads\/2023\/12\/gift-575400_1280-300x285.png 300w, https:\/\/bbqboat77.com\/wp-content\/uploads\/2023\/12\/gift-575400_1280-1024x974.png 1024w, https:\/\/bbqboat77.com\/wp-content\/uploads\/2023\/12\/gift-575400_1280-768x730.png 768w, https:\/\/bbqboat77.com\/wp-content\/uploads\/2023\/12\/gift-575400_1280-13x12.png 13w, https:\/\/bbqboat77.com\/wp-content\/uploads\/2023\/12\/gift-575400_1280.png 1280w\" sizes=\"(max-width: 300px) 100vw, 300px\" \/><\/figure><div class=\"elementor-image-box-content\"><h3 class=\"elementor-image-box-title\">BUBBLE BOAT 9 PLACES \/ BREAKFAST<\/h3><p class=\"elementor-image-box-description\">BUBBLE BOAT Breakfast pour 9 personnes\nCette nouvelle mani\u00e8re de passer une matin\u00e9e ensemble plaira \u00e0 tous.\nVous avez envie de d\u00e9couvrir le grand la lac de L\u2019\u00eele de loisirs de JABLINES tout en prenant votre petit-d\u00e9jeuner ?<\/p><\/div><\/div>\t\t\t\t<\/div>\n\t\t\t\t<\/div>\n\t\t\t\t<div class=\"elementor-element elementor-element-7a2cf58 elementor-align-center elementor-widget elementor-widget-button\" data-id=\"7a2cf58\" data-element_type=\"widget\" data-e-type=\"widget\" data-widget_type=\"button.default\">\n\t\t\t\t<div class=\"elementor-widget-container\">\n\t\t\t\t\t\t\t\t\t<div class=\"elementor-button-wrapper\">\n\t\t\t\t\t<a class=\"elementor-button elementor-button-link elementor-size-sm\" href=\"https:\/\/booking.myrezapp.com\/fr\/online\/order\/step1\/13422\/7161\" target=\"_blank\" rel=\"noopener\">\n\t\t\t\t\t\t<span class=\"elementor-button-content-wrapper\">\n\t\t\t\t\t\t<span class=\"elementor-button-icon\">\n\t\t\t\t<i aria-hidden=\"true\" class=\"icon icon-gift1\"><\/i>\t\t\t<\/span>\n\t\t\t\t\t\t\t\t\t<span class=\"elementor-button-text\">Acheter<\/span>\n\t\t\t\t\t<\/span>\n\t\t\t\t\t<\/a>\n\t\t\t\t<\/div>\n\t\t\t\t\t\t\t\t<\/div>\n\t\t\t\t<\/div>\n\t\t\t\t\t<\/div>\n\t\t<\/div>\n\t\t\t\t\t<\/div>\n\t\t<\/section>\n\t\t\t\t<section class=\"elementor-section elementor-top-section elementor-element elementor-element-9b2abbe elementor-section-boxed elementor-section-height-default elementor-section-height-default\" data-id=\"9b2abbe\" data-element_type=\"section\" data-e-type=\"section\">\n\t\t\t\t\t\t<div class=\"elementor-container elementor-column-gap-default\">\n\t\t\t\t\t<div class=\"elementor-column elementor-col-50 elementor-top-column elementor-element elementor-element-03497f5\" data-id=\"03497f5\" data-element_type=\"column\" data-e-type=\"column\">\n\t\t\t<div class=\"elementor-widget-wrap elementor-element-populated\">\n\t\t\t\t\t\t<div class=\"elementor-element elementor-element-254af97 elementor-position-top elementor-widget elementor-widget-image-box\" data-id=\"254af97\" data-element_type=\"widget\" data-e-type=\"widget\" data-widget_type=\"image-box.default\">\n\t\t\t\t<div class=\"elementor-widget-container\">\n\t\t\t\t\t<div class=\"elementor-image-box-wrapper\"><figure class=\"elementor-image-box-img\"><img fetchpriority=\"high\" decoding=\"async\" width=\"300\" height=\"285\" src=\"https:\/\/bbqboat77.com\/wp-content\/uploads\/2023\/12\/gift-575400_1280-300x285.png\" class=\"attachment-medium size-medium wp-image-1189\" alt=\"Offrez BBQBOAT77 a vos amis\" srcset=\"https:\/\/bbqboat77.com\/wp-content\/uploads\/2023\/12\/gift-575400_1280-300x285.png 300w, https:\/\/bbqboat77.com\/wp-content\/uploads\/2023\/12\/gift-575400_1280-1024x974.png 1024w, https:\/\/bbqboat77.com\/wp-content\/uploads\/2023\/12\/gift-575400_1280-768x730.png 768w, https:\/\/bbqboat77.com\/wp-content\/uploads\/2023\/12\/gift-575400_1280-13x12.png 13w, https:\/\/bbqboat77.com\/wp-content\/uploads\/2023\/12\/gift-575400_1280.png 1280w\" sizes=\"(max-width: 300px) 100vw, 300px\" \/><\/figure><div class=\"elementor-image-box-content\"><h3 class=\"elementor-image-box-title\">BUBBLE BOAT 6 PLACES\/ FONDUE SAVOYARDE<\/h3><p class=\"elementor-image-box-description\">Vous souhaitez vivre une exp\u00e9rience UNIQUE EN FRANCE..!! de d\u00e9tente pr\u00e8s de paris ? Embarquez \u00e0 bord de notre bateaux BUBBLE BOAT Fondue Savoyarde afin de d\u00e9couvrir le magnifique paysage du grand lac de l\u2019\u00eele de loisirs de JABLINES , Oui que vous soyez r\u00e9sidents ou touristes, profitez de la BUBBLE BOAT FONDUE 6 personnes que nous mettons \u00e0 votre disposition pour d'agr\u00e9ables moments de convivialit\u00e9 avec vos proches.<\/p><\/div><\/div>\t\t\t\t<\/div>\n\t\t\t\t<\/div>\n\t\t\t\t<div class=\"elementor-element elementor-element-9e826b7 elementor-align-center elementor-widget elementor-widget-button\" data-id=\"9e826b7\" data-element_type=\"widget\" data-e-type=\"widget\" data-widget_type=\"button.default\">\n\t\t\t\t<div class=\"elementor-widget-container\">\n\t\t\t\t\t\t\t\t\t<div class=\"elementor-button-wrapper\">\n\t\t\t\t\t<a class=\"elementor-button elementor-button-link elementor-size-sm\" href=\"https:\/\/booking.myrezapp.com\/fr\/online\/order\/step1\/13422\/7162\" target=\"_blank\" rel=\"noopener\">\n\t\t\t\t\t\t<span class=\"elementor-button-content-wrapper\">\n\t\t\t\t\t\t<span class=\"elementor-button-icon\">\n\t\t\t\t<i aria-hidden=\"true\" class=\"icon icon-gift1\"><\/i>\t\t\t<\/span>\n\t\t\t\t\t\t\t\t\t<span class=\"elementor-button-text\">Acheter<\/span>\n\t\t\t\t\t<\/span>\n\t\t\t\t\t<\/a>\n\t\t\t\t<\/div>\n\t\t\t\t\t\t\t\t<\/div>\n\t\t\t\t<\/div>\n\t\t\t\t\t<\/div>\n\t\t<\/div>\n\t\t\t\t<div class=\"elementor-column elementor-col-50 elementor-top-column elementor-element elementor-element-2d04ff2\" data-id=\"2d04ff2\" data-element_type=\"column\" data-e-type=\"column\">\n\t\t\t<div class=\"elementor-widget-wrap elementor-element-populated\">\n\t\t\t\t\t\t<div class=\"elementor-element elementor-element-416d39e elementor-position-top elementor-widget elementor-widget-image-box\" data-id=\"416d39e\" data-element_type=\"widget\" data-e-type=\"widget\" data-widget_type=\"image-box.default\">\n\t\t\t\t<div class=\"elementor-widget-container\">\n\t\t\t\t\t<div class=\"elementor-image-box-wrapper\"><figure class=\"elementor-image-box-img\"><img fetchpriority=\"high\" decoding=\"async\" width=\"300\" height=\"285\" src=\"https:\/\/bbqboat77.com\/wp-content\/uploads\/2023\/12\/gift-575400_1280-300x285.png\" class=\"attachment-medium size-medium wp-image-1189\" alt=\"Offrez BBQBOAT77 a vos amis\" srcset=\"https:\/\/bbqboat77.com\/wp-content\/uploads\/2023\/12\/gift-575400_1280-300x285.png 300w, https:\/\/bbqboat77.com\/wp-content\/uploads\/2023\/12\/gift-575400_1280-1024x974.png 1024w, https:\/\/bbqboat77.com\/wp-content\/uploads\/2023\/12\/gift-575400_1280-768x730.png 768w, https:\/\/bbqboat77.com\/wp-content\/uploads\/2023\/12\/gift-575400_1280-13x12.png 13w, https:\/\/bbqboat77.com\/wp-content\/uploads\/2023\/12\/gift-575400_1280.png 1280w\" sizes=\"(max-width: 300px) 100vw, 300px\" \/><\/figure><div class=\"elementor-image-box-content\"><h3 class=\"elementor-image-box-title\">BUBBLE BOAT 9 PLACES\/ FONDUE SAVOYARDE<\/h3><p class=\"elementor-image-box-description\">Vous souhaitez vivre une exp\u00e9rience UNIQUE EN FRANCE..!! de d\u00e9tente pr\u00e8s de paris ? Embarquez \u00e0 bord de notre bateaux BUBBLE BOAT Fondue Savoyarde afin de d\u00e9couvrir le magnifique paysage du grand lac de l\u2019\u00eele de loisirs de JABLINES , Oui que vous soyez r\u00e9sidents ou touristes, profitez de la BUBBLE BOAT FONDUE 9 personnes que nous mettons \u00e0 votre disposition pour d'agr\u00e9ables moments de convivialit\u00e9 avec vos proches.<\/p><\/div><\/div>\t\t\t\t<\/div>\n\t\t\t\t<\/div>\n\t\t\t\t<div class=\"elementor-element elementor-element-53e6287 elementor-align-center elementor-widget elementor-widget-button\" data-id=\"53e6287\" data-element_type=\"widget\" data-e-type=\"widget\" data-widget_type=\"button.default\">\n\t\t\t\t<div class=\"elementor-widget-container\">\n\t\t\t\t\t\t\t\t\t<div class=\"elementor-button-wrapper\">\n\t\t\t\t\t<a class=\"elementor-button elementor-button-link elementor-size-sm\" href=\"https:\/\/booking.myrezapp.com\/fr\/online\/order\/step1\/13422\/7164\" target=\"_blank\" rel=\"noopener\">\n\t\t\t\t\t\t<span class=\"elementor-button-content-wrapper\">\n\t\t\t\t\t\t<span class=\"elementor-button-icon\">\n\t\t\t\t<i aria-hidden=\"true\" class=\"icon icon-gift1\"><\/i>\t\t\t<\/span>\n\t\t\t\t\t\t\t\t\t<span class=\"elementor-button-text\">Acheter<\/span>\n\t\t\t\t\t<\/span>\n\t\t\t\t\t<\/a>\n\t\t\t\t<\/div>\n\t\t\t\t\t\t\t\t<\/div>\n\t\t\t\t<\/div>\n\t\t\t\t\t<\/div>\n\t\t<\/div>\n\t\t\t\t\t<\/div>\n\t\t<\/section>\n\t\t\t\t<section class=\"elementor-section elementor-top-section elementor-element elementor-element-429f2dc elementor-section-boxed elementor-section-height-default elementor-section-height-default\" data-id=\"429f2dc\" data-element_type=\"section\" data-e-type=\"section\">\n\t\t\t\t\t\t<div class=\"elementor-container elementor-column-gap-default\">\n\t\t\t\t\t<div class=\"elementor-column elementor-col-50 elementor-top-column elementor-element elementor-element-5e7ec79\" data-id=\"5e7ec79\" data-element_type=\"column\" data-e-type=\"column\">\n\t\t\t<div class=\"elementor-widget-wrap elementor-element-populated\">\n\t\t\t\t\t\t<div class=\"elementor-element elementor-element-79acf8c elementor-position-top elementor-widget elementor-widget-image-box\" data-id=\"79acf8c\" data-element_type=\"widget\" data-e-type=\"widget\" data-widget_type=\"image-box.default\">\n\t\t\t\t<div class=\"elementor-widget-container\">\n\t\t\t\t\t<div class=\"elementor-image-box-wrapper\"><figure class=\"elementor-image-box-img\"><img fetchpriority=\"high\" decoding=\"async\" width=\"300\" height=\"285\" src=\"https:\/\/bbqboat77.com\/wp-content\/uploads\/2023\/12\/gift-575400_1280-300x285.png\" class=\"attachment-medium size-medium wp-image-1189\" alt=\"Offrez BBQBOAT77 a vos amis\" srcset=\"https:\/\/bbqboat77.com\/wp-content\/uploads\/2023\/12\/gift-575400_1280-300x285.png 300w, https:\/\/bbqboat77.com\/wp-content\/uploads\/2023\/12\/gift-575400_1280-1024x974.png 1024w, https:\/\/bbqboat77.com\/wp-content\/uploads\/2023\/12\/gift-575400_1280-768x730.png 768w, https:\/\/bbqboat77.com\/wp-content\/uploads\/2023\/12\/gift-575400_1280-13x12.png 13w, https:\/\/bbqboat77.com\/wp-content\/uploads\/2023\/12\/gift-575400_1280.png 1280w\" sizes=\"(max-width: 300px) 100vw, 300px\" \/><\/figure><div class=\"elementor-image-box-content\"><h3 class=\"elementor-image-box-title\">BUBBLE BOAT 6 PLACES\/ RACLETTE PARTY<\/h3><p class=\"elementor-image-box-description\">Vous souhaitez vivre une exp\u00e9rience UNIQUE EN FRANCE..!! de d\u00e9tente pr\u00e8s de paris ? Embarquez \u00e0 bord de notre bateaux BUBBLE BOAT Raclette party , afin de d\u00e9couvrir le magnifique paysage du grand lac de l\u2019\u00eele de loisirs de JABLINES , Oui que vous soyez r\u00e9sidents ou touristes, profitez de la BUBBLE BOAT RACLETTE 6 personnes que nous mettons \u00e0 votre disposition pour d'agr\u00e9ables moments de convivialit\u00e9 avec vos proches<\/p><\/div><\/div>\t\t\t\t<\/div>\n\t\t\t\t<\/div>\n\t\t\t\t<div class=\"elementor-element elementor-element-8686a54 elementor-align-center elementor-widget elementor-widget-button\" data-id=\"8686a54\" data-element_type=\"widget\" data-e-type=\"widget\" data-widget_type=\"button.default\">\n\t\t\t\t<div class=\"elementor-widget-container\">\n\t\t\t\t\t\t\t\t\t<div class=\"elementor-button-wrapper\">\n\t\t\t\t\t<a class=\"elementor-button elementor-button-link elementor-size-sm\" href=\"https:\/\/booking.myrezapp.com\/fr\/online\/order\/step1\/13422\/7163\" target=\"_blank\" rel=\"noopener\">\n\t\t\t\t\t\t<span class=\"elementor-button-content-wrapper\">\n\t\t\t\t\t\t<span class=\"elementor-button-icon\">\n\t\t\t\t<i aria-hidden=\"true\" class=\"icon icon-gift1\"><\/i>\t\t\t<\/span>\n\t\t\t\t\t\t\t\t\t<span class=\"elementor-button-text\">Acheter<\/span>\n\t\t\t\t\t<\/span>\n\t\t\t\t\t<\/a>\n\t\t\t\t<\/div>\n\t\t\t\t\t\t\t\t<\/div>\n\t\t\t\t<\/div>\n\t\t\t\t\t<\/div>\n\t\t<\/div>\n\t\t\t\t<div class=\"elementor-column elementor-col-50 elementor-top-column elementor-element elementor-element-aea0aca\" data-id=\"aea0aca\" data-element_type=\"column\" data-e-type=\"column\">\n\t\t\t<div class=\"elementor-widget-wrap elementor-element-populated\">\n\t\t\t\t\t\t<div class=\"elementor-element elementor-element-9223797 elementor-position-top elementor-widget elementor-widget-image-box\" data-id=\"9223797\" data-element_type=\"widget\" data-e-type=\"widget\" data-widget_type=\"image-box.default\">\n\t\t\t\t<div class=\"elementor-widget-container\">\n\t\t\t\t\t<div class=\"elementor-image-box-wrapper\"><figure class=\"elementor-image-box-img\"><img fetchpriority=\"high\" decoding=\"async\" width=\"300\" height=\"285\" src=\"https:\/\/bbqboat77.com\/wp-content\/uploads\/2023\/12\/gift-575400_1280-300x285.png\" class=\"attachment-medium size-medium wp-image-1189\" alt=\"Offrez BBQBOAT77 a vos amis\" srcset=\"https:\/\/bbqboat77.com\/wp-content\/uploads\/2023\/12\/gift-575400_1280-300x285.png 300w, https:\/\/bbqboat77.com\/wp-content\/uploads\/2023\/12\/gift-575400_1280-1024x974.png 1024w, https:\/\/bbqboat77.com\/wp-content\/uploads\/2023\/12\/gift-575400_1280-768x730.png 768w, https:\/\/bbqboat77.com\/wp-content\/uploads\/2023\/12\/gift-575400_1280-13x12.png 13w, https:\/\/bbqboat77.com\/wp-content\/uploads\/2023\/12\/gift-575400_1280.png 1280w\" sizes=\"(max-width: 300px) 100vw, 300px\" \/><\/figure><div class=\"elementor-image-box-content\"><h3 class=\"elementor-image-box-title\">BUBBLE BOAT 9 PLACES\/ RACLETTE PARTY<\/h3><p class=\"elementor-image-box-description\">Vous souhaitez vivre une exp\u00e9rience UNIQUE EN FRANCE..!! de d\u00e9tente pr\u00e8s de paris ? Embarquez \u00e0 bord de notre bateaux BUBBLE BOAT Raclette party , afin de d\u00e9couvrir le magnifique paysage du grand lac de l\u2019\u00eele de loisirs de JABLINES , Oui que vous soyez r\u00e9sidents ou touristes, profitez de la BUBBLE BOAT RACLETTE 9 personnes que nous mettons \u00e0 votre disposition pour d'agr\u00e9ables moments de convivialit\u00e9 avec vos proches.<\/p><\/div><\/div>\t\t\t\t<\/div>\n\t\t\t\t<\/div>\n\t\t\t\t<div class=\"elementor-element elementor-element-25e3223 elementor-align-center elementor-widget elementor-widget-button\" data-id=\"25e3223\" data-element_type=\"widget\" data-e-type=\"widget\" data-widget_type=\"button.default\">\n\t\t\t\t<div class=\"elementor-widget-container\">\n\t\t\t\t\t\t\t\t\t<div class=\"elementor-button-wrapper\">\n\t\t\t\t\t<a class=\"elementor-button elementor-button-link elementor-size-sm\" href=\"https:\/\/booking.myrezapp.com\/fr\/online\/order\/step1\/13422\/7165\" target=\"_blank\" rel=\"noopener\">\n\t\t\t\t\t\t<span class=\"elementor-button-content-wrapper\">\n\t\t\t\t\t\t<span class=\"elementor-button-icon\">\n\t\t\t\t<i aria-hidden=\"true\" class=\"icon icon-gift1\"><\/i>\t\t\t<\/span>\n\t\t\t\t\t\t\t\t\t<span class=\"elementor-button-text\">Acheter<\/span>\n\t\t\t\t\t<\/span>\n\t\t\t\t\t<\/a>\n\t\t\t\t<\/div>\n\t\t\t\t\t\t\t\t<\/div>\n\t\t\t\t<\/div>\n\t\t\t\t\t<\/div>\n\t\t<\/div>\n\t\t\t\t\t<\/div>\n\t\t<\/section>\n\t\t\t\t<\/div>\n\t\t","protected":false},"excerpt":{"rendered":"<p>Cadeaux \ud83c\udf81 OFFRE SP\u00c9CIALE NO\u00cbL \ud83c\udf81 Profitez de -20% avec le code promo NOEL20 sur toutes les r\u00e9servations jusqu&rsquo;au 31 d\u00e9cembre et sur l&rsquo;achat de cartes cadeaux. C\u00e9l\u00e9brez les f\u00eates avec nous BUBBLE BOAT 6 PLACES \/ BREAKFAST Breakfast boat pour 6 personnes Cette nouvelle mani\u00e8re de passer une matin\u00e9e ensemble plaira \u00e0 tous. Vous [&hellip;]<\/p>\n","protected":false},"author":2,"featured_media":0,"parent":0,"menu_order":0,"comment_status":"closed","ping_status":"closed","template":"elementor_header_footer","meta":{"ngg_post_thumbnail":0,"footnotes":""},"class_list":["post-1186","page","type-page","status-publish","hentry"],"_links":{"self":[{"href":"https:\/\/bbqboat77.com\/fr_fr\/wp-json\/wp\/v2\/pages\/1186","targetHints":{"allow":["GET"]}}],"collection":[{"href":"https:\/\/bbqboat77.com\/fr_fr\/wp-json\/wp\/v2\/pages"}],"about":[{"href":"https:\/\/bbqboat77.com\/fr_fr\/wp-json\/wp\/v2\/types\/page"}],"author":[{"embeddable":true,"href":"https:\/\/bbqboat77.com\/fr_fr\/wp-json\/wp\/v2\/users\/2"}],"replies":[{"embeddable":true,"href":"https:\/\/bbqboat77.com\/fr_fr\/wp-json\/wp\/v2\/comments?post=1186"}],"version-history":[{"count":23,"href":"https:\/\/bbqboat77.com\/fr_fr\/wp-json\/wp\/v2\/pages\/1186\/revisions"}],"predecessor-version":[{"id":1818,"href":"https:\/\/bbqboat77.com\/fr_fr\/wp-json\/wp\/v2\/pages\/1186\/revisions\/1818"}],"wp:attachment":[{"href":"https:\/\/bbqboat77.com\/fr_fr\/wp-json\/wp\/v2\/media?parent=1186"}],"curies":[{"name":"wp","href":"https:\/\/api.w.org\/{rel}","templated":true}]}}