{"id":1951,"date":"2026-02-16T09:24:20","date_gmt":"2026-02-16T08:24:20","guid":{"rendered":"https:\/\/bbqboat77.com\/?page_id=1951"},"modified":"2026-02-26T13:55:28","modified_gmt":"2026-02-26T12:55:28","slug":"offre-bubble-boat","status":"publish","type":"page","link":"https:\/\/bbqboat77.com\/en\/offre-bubble-boat\/","title":{"rendered":"Offre BUBBLE BOAT"},"content":{"rendered":"\t\t<div data-elementor-type=\"wp-page\" data-elementor-id=\"1951\" class=\"elementor elementor-1951\">\n\t\t\t\t\t\t<section class=\"elementor-section elementor-top-section elementor-element elementor-element-ee4033b elementor-section-full_width elementor-section-height-min-height elementor-section-items-stretch elementor-section-content-bottom elementor-section-height-default\" data-id=\"ee4033b\" data-element_type=\"section\" data-e-type=\"section\" data-settings=\"{&quot;background_background&quot;:&quot;slideshow&quot;,&quot;background_slideshow_gallery&quot;:[{&quot;id&quot;:2043,&quot;url&quot;:&quot;https:\\\/\\\/bbqboat77.com\\\/wp-content\\\/uploads\\\/2026\\\/02\\\/WhatsApp-Image-2026-02-16-at-13.15.32.jpeg&quot;},{&quot;id&quot;:2044,&quot;url&quot;:&quot;https:\\\/\\\/bbqboat77.com\\\/wp-content\\\/uploads\\\/2026\\\/02\\\/WhatsApp-Image-2026-02-16-at-13.16.16.jpeg&quot;},{&quot;id&quot;:2045,&quot;url&quot;:&quot;https:\\\/\\\/bbqboat77.com\\\/wp-content\\\/uploads\\\/2026\\\/02\\\/WhatsApp-Image-2026-02-16-at-13.15.17.jpeg&quot;}],&quot;background_slideshow_ken_burns&quot;:&quot;yes&quot;,&quot;background_slideshow_loop&quot;:&quot;yes&quot;,&quot;background_slideshow_slide_duration&quot;:5000,&quot;background_slideshow_slide_transition&quot;:&quot;fade&quot;,&quot;background_slideshow_transition_duration&quot;:500,&quot;background_slideshow_ken_burns_zoom_direction&quot;:&quot;in&quot;}\">\n\t\t\t\t\t\t\t<div class=\"elementor-background-overlay\"><\/div>\n\t\t\t\t\t\t\t<div class=\"elementor-container elementor-column-gap-default\">\n\t\t\t\t\t<div class=\"elementor-column elementor-col-100 elementor-top-column elementor-element elementor-element-b766e6d\" data-id=\"b766e6d\" data-element_type=\"column\" data-e-type=\"column\">\n\t\t\t<div class=\"elementor-widget-wrap elementor-element-populated\">\n\t\t\t\t\t<div class=\"elementor-background-overlay\"><\/div>\n\t\t\t\t\t\t<div class=\"elementor-element elementor-element-aa3fb05 elementor-widget elementor-widget-spacer\" data-id=\"aa3fb05\" data-element_type=\"widget\" data-e-type=\"widget\" data-widget_type=\"spacer.default\">\n\t\t\t\t<div class=\"elementor-widget-container\">\n\t\t\t\t\t\t\t<div class=\"elementor-spacer\">\n\t\t\t<div class=\"elementor-spacer-inner\"><\/div>\n\t\t<\/div>\n\t\t\t\t\t\t<\/div>\n\t\t\t\t<\/div>\n\t\t\t\t<section class=\"elementor-section elementor-inner-section elementor-element elementor-element-a9b38a6 elementor-section-boxed elementor-section-height-default elementor-section-height-default\" data-id=\"a9b38a6\" data-element_type=\"section\" data-e-type=\"section\">\n\t\t\t\t\t\t<div class=\"elementor-container elementor-column-gap-default\">\n\t\t\t\t\t<div class=\"elementor-column elementor-col-50 elementor-inner-column elementor-element elementor-element-6a42dcd\" data-id=\"6a42dcd\" data-element_type=\"column\" data-e-type=\"column\">\n\t\t\t<div class=\"elementor-widget-wrap elementor-element-populated\">\n\t\t\t\t\t\t<div class=\"elementor-element elementor-element-1820d7b elementor-invisible elementor-widget elementor-widget-heading\" data-id=\"1820d7b\" data-element_type=\"widget\" data-e-type=\"widget\" data-settings=\"{&quot;_animation&quot;:&quot;fadeInUp&quot;}\" data-widget_type=\"heading.default\">\n\t\t\t\t<div class=\"elementor-widget-container\">\n\t\t\t\t\t<h2 class=\"elementor-heading-title elementor-size-default\">L\u2019EXP\u00c9RIENCE ULTIME DE L\u2019HIVER  :<br><\/h2>\t\t\t\t<\/div>\n\t\t\t\t<\/div>\n\t\t\t\t<div class=\"elementor-element elementor-element-b13afb8 elementor-invisible elementor-widget elementor-widget-heading\" data-id=\"b13afb8\" data-element_type=\"widget\" data-e-type=\"widget\" data-settings=\"{&quot;_animation&quot;:&quot;zoomIn&quot;}\" data-widget_type=\"heading.default\">\n\t\t\t\t<div class=\"elementor-widget-container\">\n\t\t\t\t\t<h2 class=\"elementor-heading-title elementor-size-default\">LE BUBBLE BOAT !\n<\/h2>\t\t\t\t<\/div>\n\t\t\t\t<\/div>\n\t\t\t\t\t<\/div>\n\t\t<\/div>\n\t\t\t\t<div class=\"elementor-column elementor-col-50 elementor-inner-column elementor-element elementor-element-64f38c3 elementor-hidden-tablet elementor-hidden-phone\" data-id=\"64f38c3\" data-element_type=\"column\" data-e-type=\"column\">\n\t\t\t<div class=\"elementor-widget-wrap elementor-element-populated\">\n\t\t\t\t\t\t<div class=\"elementor-element elementor-element-22af091 elementor-widget elementor-widget-spacer\" data-id=\"22af091\" data-element_type=\"widget\" data-e-type=\"widget\" data-widget_type=\"spacer.default\">\n\t\t\t\t<div class=\"elementor-widget-container\">\n\t\t\t\t\t\t\t<div class=\"elementor-spacer\">\n\t\t\t<div class=\"elementor-spacer-inner\"><\/div>\n\t\t<\/div>\n\t\t\t\t\t\t<\/div>\n\t\t\t\t<\/div>\n\t\t\t\t\t<\/div>\n\t\t<\/div>\n\t\t\t\t\t<\/div>\n\t\t<\/section>\n\t\t\t\t\t<\/div>\n\t\t<\/div>\n\t\t\t\t\t<\/div>\n\t\t<\/section>\n\t\t\t\t<section class=\"elementor-section elementor-top-section elementor-element elementor-element-0302b7c elementor-section-boxed elementor-section-height-default elementor-section-height-default\" data-id=\"0302b7c\" data-element_type=\"section\" data-e-type=\"section\" data-settings=\"{&quot;background_background&quot;:&quot;gradient&quot;}\">\n\t\t\t\t\t\t<div class=\"elementor-container elementor-column-gap-default\">\n\t\t\t\t\t<div class=\"elementor-column elementor-col-100 elementor-top-column elementor-element elementor-element-3ac9c3f\" data-id=\"3ac9c3f\" data-element_type=\"column\" data-e-type=\"column\">\n\t\t\t<div class=\"elementor-widget-wrap elementor-element-populated\">\n\t\t\t\t\t\t<div class=\"elementor-element elementor-element-11237c5 elementor-widget elementor-widget-heading\" data-id=\"11237c5\" data-element_type=\"widget\" data-e-type=\"widget\" data-widget_type=\"heading.default\">\n\t\t\t\t<div class=\"elementor-widget-container\">\n\t\t\t\t\t<h2 class=\"elementor-heading-title elementor-size-default\">Nos offres<\/h2>\t\t\t\t<\/div>\n\t\t\t\t<\/div>\n\t\t\t\t\t<\/div>\n\t\t<\/div>\n\t\t\t\t\t<\/div>\n\t\t<\/section>\n\t\t\t\t<section class=\"elementor-section elementor-top-section elementor-element elementor-element-66b45d8 elementor-section-boxed elementor-section-height-default elementor-section-height-default\" data-id=\"66b45d8\" data-element_type=\"section\" data-e-type=\"section\" data-settings=\"{&quot;background_background&quot;:&quot;gradient&quot;}\">\n\t\t\t\t\t\t<div class=\"elementor-container elementor-column-gap-default\">\n\t\t\t\t\t<div class=\"elementor-column elementor-col-33 elementor-top-column elementor-element elementor-element-67bfaf6 elementor-invisible\" data-id=\"67bfaf6\" data-element_type=\"column\" data-e-type=\"column\" data-settings=\"{&quot;background_background&quot;:&quot;classic&quot;,&quot;animation&quot;:&quot;zoomIn&quot;}\">\n\t\t\t<div class=\"elementor-widget-wrap elementor-element-populated\">\n\t\t\t\t\t\t<div class=\"elementor-element elementor-element-8b68f31 elementor-widget elementor-widget-heading\" data-id=\"8b68f31\" data-element_type=\"widget\" data-e-type=\"widget\" data-widget_type=\"heading.default\">\n\t\t\t\t<div class=\"elementor-widget-container\">\n\t\t\t\t\t<h3 class=\"elementor-heading-title elementor-size-default\">BUBBLE BOAT 6 PLACES <br>BREAKFAST<\/h3>\t\t\t\t<\/div>\n\t\t\t\t<\/div>\n\t\t\t\t<div class=\"elementor-element elementor-element-cfcf2c4 elementor-widget elementor-widget-text-editor\" data-id=\"cfcf2c4\" data-element_type=\"widget\" data-e-type=\"widget\" data-widget_type=\"text-editor.default\">\n\t\t\t\t<div class=\"elementor-widget-container\">\n\t\t\t\t\t\t\t\t\t<p data-start=\"379\" data-end=\"506\">Une parenth\u00e8se rare en France : un petit-d\u00e9jeuner flottant \u00e0 bord de votre Bubble Boat privatis\u00e9, sur le Grand Lac de Jablines.<\/p><p data-start=\"508\" data-end=\"614\">De 9h \u00e0 11h, vivez une navigation douce, id\u00e9ale pour les familles et groupes d\u2019amis (jusqu\u2019\u00e0 6 personnes).<\/p><p data-start=\"793\" data-end=\"863\">\u00c9quipements complets inclus pour une exp\u00e9rience fluide et confortable.<\/p>\t\t\t\t\t\t\t\t<\/div>\n\t\t\t\t<\/div>\n\t\t\t\t<div class=\"elementor-element elementor-element-cf37531 elementor-mobile-align-justify elementor-align-center elementor-widget elementor-widget-button\" data-id=\"cf37531\" data-element_type=\"widget\" data-e-type=\"widget\" data-widget_type=\"button.default\">\n\t\t\t\t<div class=\"elementor-widget-container\">\n\t\t\t\t\t\t\t\t\t<div class=\"elementor-button-wrapper\">\n\t\t\t\t\t<a class=\"elementor-button elementor-button-link elementor-size-sm elementor-animation-float\" href=\"https:\/\/booking.myrezapp.com\/fr\/online\/booking\/step1\/13422\/98988\" target=\"_blank\" rel=\"noopener\">\n\t\t\t\t\t\t<span class=\"elementor-button-content-wrapper\">\n\t\t\t\t\t\t\t\t\t<span class=\"elementor-button-text\">R\u00e9servez<\/span>\n\t\t\t\t\t<\/span>\n\t\t\t\t\t<\/a>\n\t\t\t\t<\/div>\n\t\t\t\t\t\t\t\t<\/div>\n\t\t\t\t<\/div>\n\t\t\t\t\t<\/div>\n\t\t<\/div>\n\t\t\t\t<div class=\"elementor-column elementor-col-33 elementor-top-column elementor-element elementor-element-4b66ba9 elementor-invisible\" data-id=\"4b66ba9\" data-element_type=\"column\" data-e-type=\"column\" data-settings=\"{&quot;background_background&quot;:&quot;classic&quot;,&quot;animation&quot;:&quot;zoomIn&quot;}\">\n\t\t\t<div class=\"elementor-widget-wrap elementor-element-populated\">\n\t\t\t\t\t\t<div class=\"elementor-element elementor-element-643cf9c elementor-widget elementor-widget-heading\" data-id=\"643cf9c\" data-element_type=\"widget\" data-e-type=\"widget\" data-widget_type=\"heading.default\">\n\t\t\t\t<div class=\"elementor-widget-container\">\n\t\t\t\t\t<h3 class=\"elementor-heading-title elementor-size-default\">BUBBLE BOAT 6 PLACES<br>FONDUE SAVOYARDE<\/h3>\t\t\t\t<\/div>\n\t\t\t\t<\/div>\n\t\t\t\t<div class=\"elementor-element elementor-element-4370a4d elementor-widget elementor-widget-text-editor\" data-id=\"4370a4d\" data-element_type=\"widget\" data-e-type=\"widget\" data-widget_type=\"text-editor.default\">\n\t\t\t\t<div class=\"elementor-widget-container\">\n\t\t\t\t\t\t\t\t\t<p data-start=\"950\" data-end=\"1019\">L\u2019exp\u00e9rience gourmande la plus originale \u00e0 quelques minutes de Paris.<\/p><p data-start=\"1021\" data-end=\"1149\">Profitez de 4 heures de navigation abrit\u00e9e, parfaite pour anniversaires, EVJF\/EVG, d\u00eeners romantiques ou moments entre amis.<\/p><p data-start=\"1288\" data-end=\"1344\">S\u00e9curit\u00e9 + \u00e9quipements inclus pour naviguer sereinement.<\/p>\t\t\t\t\t\t\t\t<\/div>\n\t\t\t\t<\/div>\n\t\t\t\t<div class=\"elementor-element elementor-element-d3da93e elementor-mobile-align-justify elementor-align-center elementor-widget elementor-widget-button\" data-id=\"d3da93e\" data-element_type=\"widget\" data-e-type=\"widget\" data-widget_type=\"button.default\">\n\t\t\t\t<div class=\"elementor-widget-container\">\n\t\t\t\t\t\t\t\t\t<div class=\"elementor-button-wrapper\">\n\t\t\t\t\t<a class=\"elementor-button elementor-button-link elementor-size-sm elementor-animation-float\" href=\"https:\/\/booking.myrezapp.com\/fr\/online\/booking\/step1\/13422\/98991\" target=\"_blank\" rel=\"noopener\">\n\t\t\t\t\t\t<span class=\"elementor-button-content-wrapper\">\n\t\t\t\t\t\t\t\t\t<span class=\"elementor-button-text\">Reservez<\/span>\n\t\t\t\t\t<\/span>\n\t\t\t\t\t<\/a>\n\t\t\t\t<\/div>\n\t\t\t\t\t\t\t\t<\/div>\n\t\t\t\t<\/div>\n\t\t\t\t\t<\/div>\n\t\t<\/div>\n\t\t\t\t<div class=\"elementor-column elementor-col-33 elementor-top-column elementor-element elementor-element-ae2dd47 elementor-invisible\" data-id=\"ae2dd47\" data-element_type=\"column\" data-e-type=\"column\" data-settings=\"{&quot;background_background&quot;:&quot;classic&quot;,&quot;animation&quot;:&quot;zoomIn&quot;}\">\n\t\t\t<div class=\"elementor-widget-wrap elementor-element-populated\">\n\t\t\t\t\t\t<div class=\"elementor-element elementor-element-2ff9a4a elementor-widget elementor-widget-heading\" data-id=\"2ff9a4a\" data-element_type=\"widget\" data-e-type=\"widget\" data-widget_type=\"heading.default\">\n\t\t\t\t<div class=\"elementor-widget-container\">\n\t\t\t\t\t<h3 class=\"elementor-heading-title elementor-size-default\">BUBBLE BOAT 6 PLACES<br>RACLETTE PARTY<\/h3>\t\t\t\t<\/div>\n\t\t\t\t<\/div>\n\t\t\t\t<div class=\"elementor-element elementor-element-afa7fc5 elementor-widget elementor-widget-text-editor\" data-id=\"afa7fc5\" data-element_type=\"widget\" data-e-type=\"widget\" data-widget_type=\"text-editor.default\">\n\t\t\t\t<div class=\"elementor-widget-container\">\n\t\t\t\t\t\t\t\t\t<p data-start=\"1429\" data-end=\"1549\">Votre raclette prend le large : un bateau privatis\u00e9, 6 personnes, une ambiance chaleureuse sur le Grand Lac de Jablines.<\/p><p data-start=\"1680\" data-end=\"1788\">Parfait pour :<br data-start=\"1694\" data-end=\"1697\" \/>\u2022 soir\u00e9es entre amis<br data-start=\"1717\" data-end=\"1720\" \/>\u2022 team building<br data-start=\"1735\" data-end=\"1738\" \/>\u2022 rendez-vous romantiques<br data-start=\"1763\" data-end=\"1766\" \/>\u2022 sorties familiales<\/p><p data-start=\"1790\" data-end=\"1839\">4h de navigation \u00e0 l\u2019abri du vent et de la pluie.<\/p>\t\t\t\t\t\t\t\t<\/div>\n\t\t\t\t<\/div>\n\t\t\t\t<div class=\"elementor-element elementor-element-7a6609f elementor-mobile-align-justify elementor-align-center elementor-widget elementor-widget-button\" data-id=\"7a6609f\" data-element_type=\"widget\" data-e-type=\"widget\" data-widget_type=\"button.default\">\n\t\t\t\t<div class=\"elementor-widget-container\">\n\t\t\t\t\t\t\t\t\t<div class=\"elementor-button-wrapper\">\n\t\t\t\t\t<a class=\"elementor-button elementor-button-link elementor-size-sm elementor-animation-float\" href=\"https:\/\/booking.myrezapp.com\/fr\/online\/booking\/step1\/13422\/98992\" target=\"_blank\" rel=\"noopener\">\n\t\t\t\t\t\t<span class=\"elementor-button-content-wrapper\">\n\t\t\t\t\t\t\t\t\t<span class=\"elementor-button-text\">Reservez<\/span>\n\t\t\t\t\t<\/span>\n\t\t\t\t\t<\/a>\n\t\t\t\t<\/div>\n\t\t\t\t\t\t\t\t<\/div>\n\t\t\t\t<\/div>\n\t\t\t\t\t<\/div>\n\t\t<\/div>\n\t\t\t\t\t<\/div>\n\t\t<\/section>\n\t\t\t\t<section class=\"elementor-section elementor-top-section elementor-element elementor-element-82749e4 elementor-section-boxed elementor-section-height-default elementor-section-height-default\" data-id=\"82749e4\" data-element_type=\"section\" data-e-type=\"section\" data-settings=\"{&quot;background_background&quot;:&quot;gradient&quot;}\">\n\t\t\t\t\t\t<div class=\"elementor-container elementor-column-gap-default\">\n\t\t\t\t\t<div class=\"elementor-column elementor-col-33 elementor-top-column elementor-element elementor-element-bb9b21e elementor-invisible\" data-id=\"bb9b21e\" data-element_type=\"column\" data-e-type=\"column\" data-settings=\"{&quot;background_background&quot;:&quot;classic&quot;,&quot;animation&quot;:&quot;zoomIn&quot;}\">\n\t\t\t<div class=\"elementor-widget-wrap elementor-element-populated\">\n\t\t\t\t\t\t<div class=\"elementor-element elementor-element-8656857 elementor-widget elementor-widget-heading\" data-id=\"8656857\" data-element_type=\"widget\" data-e-type=\"widget\" data-widget_type=\"heading.default\">\n\t\t\t\t<div class=\"elementor-widget-container\">\n\t\t\t\t\t<h3 class=\"elementor-heading-title elementor-size-default\">BUBBLE BOAT 9 PLACES <br>BREAKFAST<\/h3>\t\t\t\t<\/div>\n\t\t\t\t<\/div>\n\t\t\t\t<div class=\"elementor-element elementor-element-8dfd2d6 elementor-widget elementor-widget-text-editor\" data-id=\"8dfd2d6\" data-element_type=\"widget\" data-e-type=\"widget\" data-widget_type=\"text-editor.default\">\n\t\t\t\t<div class=\"elementor-widget-container\">\n\t\t\t\t\t\t\t\t\t<p data-start=\"1978\" data-end=\"2092\">La plus belle fa\u00e7on de commencer la journ\u00e9e : un petit-d\u00e9jeuner flottant sur un bateau privatis\u00e9 pour 9 personnes.<\/p><p data-start=\"2094\" data-end=\"2197\">De 9h \u00e0 11h, profitez d\u2019une navigation calme, id\u00e9ale pour les familles, groupes d\u2019amis ou c\u00e9l\u00e9brations.<\/p><p data-start=\"2368\" data-end=\"2436\">Confort + s\u00e9curit\u00e9 garantis pour une exp\u00e9rience intime et exclusive.<\/p>\t\t\t\t\t\t\t\t<\/div>\n\t\t\t\t<\/div>\n\t\t\t\t<div class=\"elementor-element elementor-element-850f431 elementor-mobile-align-justify elementor-align-center elementor-widget elementor-widget-button\" data-id=\"850f431\" data-element_type=\"widget\" data-e-type=\"widget\" data-widget_type=\"button.default\">\n\t\t\t\t<div class=\"elementor-widget-container\">\n\t\t\t\t\t\t\t\t\t<div class=\"elementor-button-wrapper\">\n\t\t\t\t\t<a class=\"elementor-button elementor-button-link elementor-size-sm elementor-animation-float\" href=\"https:\/\/booking.myrezapp.com\/fr\/online\/booking\/step1\/13422\/98993\" target=\"_blank\" rel=\"noopener\">\n\t\t\t\t\t\t<span class=\"elementor-button-content-wrapper\">\n\t\t\t\t\t\t\t\t\t<span class=\"elementor-button-text\">R\u00e9servez<\/span>\n\t\t\t\t\t<\/span>\n\t\t\t\t\t<\/a>\n\t\t\t\t<\/div>\n\t\t\t\t\t\t\t\t<\/div>\n\t\t\t\t<\/div>\n\t\t\t\t\t<\/div>\n\t\t<\/div>\n\t\t\t\t<div class=\"elementor-column elementor-col-33 elementor-top-column elementor-element elementor-element-6549f2d elementor-invisible\" data-id=\"6549f2d\" data-element_type=\"column\" data-e-type=\"column\" data-settings=\"{&quot;background_background&quot;:&quot;classic&quot;,&quot;animation&quot;:&quot;zoomIn&quot;}\">\n\t\t\t<div class=\"elementor-widget-wrap elementor-element-populated\">\n\t\t\t\t\t\t<div class=\"elementor-element elementor-element-b71776a elementor-widget elementor-widget-heading\" data-id=\"b71776a\" data-element_type=\"widget\" data-e-type=\"widget\" data-widget_type=\"heading.default\">\n\t\t\t\t<div class=\"elementor-widget-container\">\n\t\t\t\t\t<h3 class=\"elementor-heading-title elementor-size-default\">BUBBLE BOAT 9 PLACES<br>FONDUE SAVOYARDE<\/h3>\t\t\t\t<\/div>\n\t\t\t\t<\/div>\n\t\t\t\t<div class=\"elementor-element elementor-element-39a371d elementor-widget elementor-widget-text-editor\" data-id=\"39a371d\" data-element_type=\"widget\" data-e-type=\"widget\" data-widget_type=\"text-editor.default\">\n\t\t\t\t<div class=\"elementor-widget-container\">\n\t\t\t\t\t\t\t\t\t<p data-start=\"2519\" data-end=\"2587\">Une fondue savoyarde sur l\u2019eau : conviviale, surprenante, m\u00e9morable.<\/p><p data-start=\"2589\" data-end=\"2672\">Pendant 4 heures, partagez un moment unique, que vous soyez r\u00e9sidents ou visiteurs.<\/p><p data-start=\"2802\" data-end=\"2880\">Id\u00e9al pour :<br data-start=\"2814\" data-end=\"2817\" \/>\u2022 f\u00eates<br data-start=\"2824\" data-end=\"2827\" \/>\u2022 team building<br data-start=\"2842\" data-end=\"2845\" \/>\u2022 familles<br data-start=\"2855\" data-end=\"2858\" \/>\u2022 d\u00eeners romantiques<\/p>\t\t\t\t\t\t\t\t<\/div>\n\t\t\t\t<\/div>\n\t\t\t\t<div class=\"elementor-element elementor-element-de498ea elementor-mobile-align-justify elementor-align-center elementor-widget elementor-widget-button\" data-id=\"de498ea\" data-element_type=\"widget\" data-e-type=\"widget\" data-widget_type=\"button.default\">\n\t\t\t\t<div class=\"elementor-widget-container\">\n\t\t\t\t\t\t\t\t\t<div class=\"elementor-button-wrapper\">\n\t\t\t\t\t<a class=\"elementor-button elementor-button-link elementor-size-sm elementor-animation-float\" href=\"https:\/\/booking.myrezapp.com\/fr\/online\/booking\/step1\/13422\/98994\" target=\"_blank\" rel=\"noopener\">\n\t\t\t\t\t\t<span class=\"elementor-button-content-wrapper\">\n\t\t\t\t\t\t\t\t\t<span class=\"elementor-button-text\">Reservez<\/span>\n\t\t\t\t\t<\/span>\n\t\t\t\t\t<\/a>\n\t\t\t\t<\/div>\n\t\t\t\t\t\t\t\t<\/div>\n\t\t\t\t<\/div>\n\t\t\t\t\t<\/div>\n\t\t<\/div>\n\t\t\t\t<div class=\"elementor-column elementor-col-33 elementor-top-column elementor-element elementor-element-db37427 elementor-invisible\" data-id=\"db37427\" data-element_type=\"column\" data-e-type=\"column\" data-settings=\"{&quot;background_background&quot;:&quot;classic&quot;,&quot;animation&quot;:&quot;zoomIn&quot;}\">\n\t\t\t<div class=\"elementor-widget-wrap elementor-element-populated\">\n\t\t\t\t\t\t<div class=\"elementor-element elementor-element-178d322 elementor-widget elementor-widget-heading\" data-id=\"178d322\" data-element_type=\"widget\" data-e-type=\"widget\" data-widget_type=\"heading.default\">\n\t\t\t\t<div class=\"elementor-widget-container\">\n\t\t\t\t\t<h3 class=\"elementor-heading-title elementor-size-default\">BUBBLE BOAT 9 PLACES<br>RACLETTE PARTY<\/h3>\t\t\t\t<\/div>\n\t\t\t\t<\/div>\n\t\t\t\t<div class=\"elementor-element elementor-element-268a03d elementor-widget elementor-widget-text-editor\" data-id=\"268a03d\" data-element_type=\"widget\" data-e-type=\"widget\" data-widget_type=\"text-editor.default\">\n\t\t\t\t<div class=\"elementor-widget-container\">\n\t\t\t\t\t\t\t\t\t<p data-start=\"3025\" data-end=\"3133\">La raclette la plus insolite d\u2019\u00cele-de-France : 4 heures de croisi\u00e8re gourmande sur un Bubble Boat privatis\u00e9.<\/p><p data-start=\"3271\" data-end=\"3358\">Id\u00e9al pour les soir\u00e9es entre amis, team building, sorties de famille ou moments \u00e0 deux.<\/p><p data-start=\"3360\" data-end=\"3432\">S\u00e9curit\u00e9 et confort assur\u00e9s : tout est fourni pour naviguer sans stress.<\/p><p data-start=\"3434\" data-end=\"3475\">\u00a0<\/p>\t\t\t\t\t\t\t\t<\/div>\n\t\t\t\t<\/div>\n\t\t\t\t<div class=\"elementor-element elementor-element-15c89e4 elementor-mobile-align-justify elementor-align-center elementor-widget elementor-widget-button\" data-id=\"15c89e4\" data-element_type=\"widget\" data-e-type=\"widget\" data-widget_type=\"button.default\">\n\t\t\t\t<div class=\"elementor-widget-container\">\n\t\t\t\t\t\t\t\t\t<div class=\"elementor-button-wrapper\">\n\t\t\t\t\t<a class=\"elementor-button elementor-button-link elementor-size-sm elementor-animation-float\" href=\"https:\/\/booking.myrezapp.com\/fr\/online\/booking\/step1\/13422\/98995\" target=\"_blank\" rel=\"noopener\">\n\t\t\t\t\t\t<span class=\"elementor-button-content-wrapper\">\n\t\t\t\t\t\t\t\t\t<span class=\"elementor-button-text\">Reservez<\/span>\n\t\t\t\t\t<\/span>\n\t\t\t\t\t<\/a>\n\t\t\t\t<\/div>\n\t\t\t\t\t\t\t\t<\/div>\n\t\t\t\t<\/div>\n\t\t\t\t\t<\/div>\n\t\t<\/div>\n\t\t\t\t\t<\/div>\n\t\t<\/section>\n\t\t\t\t<\/div>\n\t\t","protected":false},"excerpt":{"rendered":"<p>L\u2019EXP\u00c9RIENCE ULTIME DE L\u2019HIVER : LE BUBBLE BOAT ! Nos offres BUBBLE BOAT 6 PLACES BREAKFAST Une parenth\u00e8se rare en France : un petit-d\u00e9jeuner flottant \u00e0 bord de votre Bubble Boat privatis\u00e9, sur le Grand Lac de Jablines. De 9h \u00e0 11h, vivez une navigation douce, id\u00e9ale pour les familles et groupes d\u2019amis (jusqu\u2019\u00e0 6 [&hellip;]<\/p>\n","protected":false},"author":2,"featured_media":0,"parent":0,"menu_order":0,"comment_status":"closed","ping_status":"closed","template":"","meta":{"ngg_post_thumbnail":0,"footnotes":""},"class_list":["post-1951","page","type-page","status-publish","hentry"],"_links":{"self":[{"href":"https:\/\/bbqboat77.com\/en\/wp-json\/wp\/v2\/pages\/1951","targetHints":{"allow":["GET"]}}],"collection":[{"href":"https:\/\/bbqboat77.com\/en\/wp-json\/wp\/v2\/pages"}],"about":[{"href":"https:\/\/bbqboat77.com\/en\/wp-json\/wp\/v2\/types\/page"}],"author":[{"embeddable":true,"href":"https:\/\/bbqboat77.com\/en\/wp-json\/wp\/v2\/users\/2"}],"replies":[{"embeddable":true,"href":"https:\/\/bbqboat77.com\/en\/wp-json\/wp\/v2\/comments?post=1951"}],"version-history":[{"count":15,"href":"https:\/\/bbqboat77.com\/en\/wp-json\/wp\/v2\/pages\/1951\/revisions"}],"predecessor-version":[{"id":2100,"href":"https:\/\/bbqboat77.com\/en\/wp-json\/wp\/v2\/pages\/1951\/revisions\/2100"}],"wp:attachment":[{"href":"https:\/\/bbqboat77.com\/en\/wp-json\/wp\/v2\/media?parent=1951"}],"curies":[{"name":"wp","href":"https:\/\/api.w.org\/{rel}","templated":true}]}}